{"id":16,"date":"2018-12-30T19:14:44","date_gmt":"2018-12-30T18:14:44","guid":{"rendered":"http:\/\/axelle-regnault.fr\/?page_id=16"},"modified":"2019-02-14T21:32:54","modified_gmt":"2019-02-14T20:32:54","slug":"accueil","status":"publish","type":"page","link":"https:\/\/axelle-regnault.fr\/","title":{"rendered":"ACCUEIL"},"content":{"rendered":"\n<p style=\"font-size:15px;text-align:left\" class=\"has-text-color has-very-dark-gray-color\">Di\u00e9t\u00e9ticienne &#8211; Nutritionniste dipl\u00f4m\u00e9e, je vous propose une prise en charge <strong><em>adapt\u00e9e \u00e0 vos besoins<\/em><\/strong> et un <strong><em>accompagnement personnalis\u00e9<\/em><\/strong><em>.<\/em><\/p>\n\n\n\n<p style=\"font-size:15px;text-align:left\" class=\"has-text-color has-very-dark-gray-color\">Revenir \u00e0 une alimentation <strong><em>simple<\/em><\/strong><em>,<\/em> de <strong><em>qualit\u00e9<\/em><\/strong> et <strong><em>sans frustration<\/em><\/strong> n&rsquo;est pas chose facile.<\/p>\n\n\n\n<p style=\"font-size:15px;text-align:left\" class=\"has-text-color has-very-dark-gray-color\">Mon but est de vous aider \u00e0 retrouver des <strong><em>sensations alimentaires<\/em><\/strong><em>,<\/em> le <strong><em>plaisir<\/em><\/strong><em> <\/em>de bien manger et un <strong><em>\u00e9quilibre nutritionnel<\/em><\/strong><em> <\/em>afin de rester en <strong><em>bonne sant\u00e9<\/em><\/strong><em>.<\/em><\/p>\n\n\n\n<p style=\"font-size:15px\" class=\"has-text-color has-very-dark-gray-color\">La di\u00e9t\u00e9tique n&rsquo;a pas comme unique but de vous faire perdre du poids ou de r\u00e9\u00e9quilibrer votre alimentation. <\/p>\n\n\n\n<p style=\"font-size:15px\" class=\"has-text-color has-very-dark-gray-color\">Vous pouvez avoir besoin de <strong><em>conseils sp\u00e9cifiques<\/em><\/strong> selon les <strong><em>moments de la vie<\/em><\/strong><em> <\/em>(croissance, grossesse, d\u00e9nutrition, &#8230;), <strong><em>l&rsquo;apparition de pathologies<\/em><\/strong><em> <\/em>(diab\u00e8tes, allergies\/intol\u00e9rances, maladie de Crohn, &#8230;) ou \u00e0 la <strong><em>suite d&rsquo;une op\u00e9ration<\/em><\/strong><em>.<\/em><\/p>\n\n\n\n<div class=\"wp-block-button is-style-outline\"><a class=\"wp-block-button__link has-text-color has-background\" href=\"https:\/\/axelle-regnault.fr\/index.php\/pourquoi-consulter\/\" style=\"background-color:#d2e4ec;color:#375b82\">Pourquoi consulter ?<\/a><\/div>\n\n\n\n<p><\/p>\n","protected":false},"excerpt":{"rendered":"<p>Di\u00e9t\u00e9ticienne &#8211; Nutritionniste dipl\u00f4m\u00e9e, je vous propose une prise en charge adapt\u00e9e \u00e0 vos besoins et un accompagnement personnalis\u00e9. Revenir \u00e0 une alimentation simple, de qualit\u00e9 et sans frustration n&rsquo;est pas chose facile. Mon but est de vous aider \u00e0 retrouver des sensations alimentaires, le plaisir de bien manger et un \u00e9quilibre nutritionnel afin de [&hellip;]<\/p>\n","protected":false},"author":1,"featured_media":0,"parent":0,"menu_order":0,"comment_status":"closed","ping_status":"closed","template":"","meta":{"_mi_skip_tracking":false,"footnotes":""},"_links":{"self":[{"href":"https:\/\/axelle-regnault.fr\/index.php\/wp-json\/wp\/v2\/pages\/16"}],"collection":[{"href":"https:\/\/axelle-regnault.fr\/index.php\/wp-json\/wp\/v2\/pages"}],"about":[{"href":"https:\/\/axelle-regnault.fr\/index.php\/wp-json\/wp\/v2\/types\/page"}],"author":[{"embeddable":true,"href":"https:\/\/axelle-regnault.fr\/index.php\/wp-json\/wp\/v2\/users\/1"}],"replies":[{"embeddable":true,"href":"https:\/\/axelle-regnault.fr\/index.php\/wp-json\/wp\/v2\/comments?post=16"}],"version-history":[{"count":30,"href":"https:\/\/axelle-regnault.fr\/index.php\/wp-json\/wp\/v2\/pages\/16\/revisions"}],"predecessor-version":[{"id":361,"href":"https:\/\/axelle-regnault.fr\/index.php\/wp-json\/wp\/v2\/pages\/16\/revisions\/361"}],"wp:attachment":[{"href":"https:\/\/axelle-regnault.fr\/index.php\/wp-json\/wp\/v2\/media?parent=16"}],"curies":[{"name":"wp","href":"https:\/\/api.w.org\/{rel}","templated":true}]}}