{"id":18,"date":"2018-12-30T19:14:44","date_gmt":"2018-12-30T18:14:44","guid":{"rendered":"http:\/\/axelle-regnault.fr\/?page_id=18"},"modified":"2025-01-03T16:38:41","modified_gmt":"2025-01-03T15:38:41","slug":"contact","status":"publish","type":"page","link":"https:\/\/axelle-regnault.fr\/index.php\/contact\/","title":{"rendered":"CONTACT"},"content":{"rendered":"\n<p class=\"has-very-dark-gray-color has-text-color has-normal-font-size\">Pour toutes prises de rendez-vous ou demandes compl\u00e9mentaires, vous pouvez me joindre par t\u00e9l\u00e9phone au :<\/p>\n\n\n\n<p class=\"has-text-align-center has-text-color has-background has-medium-font-size\" style=\"color:#375b82;background-color:#deeef5\">&nbsp;<strong>06.16.65.65.97<\/strong> <\/p>\n\n\n\n<p class=\"has-very-dark-gray-color has-text-color has-normal-font-size\">ou&nbsp;par mail \u00e0 l&rsquo;adresse suivante : <\/p>\n\n\n\n<p class=\"has-text-align-center has-text-color has-background has-medium-font-size\" style=\"color:#375b82;background-color:#deeef5\"><strong>dieteticienne@axelle-regnault.fr<\/strong><\/p>\n\n\n\n<p>ou&nbsp;directement en ligne : <\/p>\n\n\n\n<p class=\"has-text-align-center has-text-color has-background has-medium-font-size\" style=\"color:#375b82;background-color:#deeef5\"><strong><a href=\"https:\/\/www.madietenligne.fr\/annuaire\/axelle-regnault?medium=custom_link\" target=\"_blank\" rel=\"noreferrer noopener\">\ud83d\udc49 Prendre rendez-vous pour une consultation di\u00e9t\u00e9tique<\/a><\/strong><\/p>\n\n\n\n<p class=\"has-text-color\" style=\"color:#375b82\"><strong>Lundi et Mercredi, de 14 \u00e0 18h : Forum M\u00e9dical de PINET<\/strong><\/p>\n\n\n\n<p class=\"has-text-color\" style=\"color:#375b82\"><strong>Jeudi de 9h30 \u00e0 19H : Cabinet du Capiscol, AGDE<\/strong><\/p>\n","protected":false},"excerpt":{"rendered":"<p>Pour toutes prises de rendez-vous ou demandes compl\u00e9mentaires, vous pouvez me joindre par t\u00e9l\u00e9phone au : &nbsp;06.16.65.65.97 ou&nbsp;par mail \u00e0 l&rsquo;adresse suivante : dieteticienne@axelle-regnault.fr ou&nbsp;directement en ligne : \ud83d\udc49 Prendre rendez-vous pour une consultation di\u00e9t\u00e9tique Lundi et Mercredi, de 14 \u00e0 18h : Forum M\u00e9dical de PINET Jeudi de 9h30 \u00e0 19H : Cabinet du [&hellip;]<\/p>\n","protected":false},"author":1,"featured_media":0,"parent":0,"menu_order":0,"comment_status":"closed","ping_status":"closed","template":"","meta":{"_mi_skip_tracking":false,"footnotes":""},"_links":{"self":[{"href":"https:\/\/axelle-regnault.fr\/index.php\/wp-json\/wp\/v2\/pages\/18"}],"collection":[{"href":"https:\/\/axelle-regnault.fr\/index.php\/wp-json\/wp\/v2\/pages"}],"about":[{"href":"https:\/\/axelle-regnault.fr\/index.php\/wp-json\/wp\/v2\/types\/page"}],"author":[{"embeddable":true,"href":"https:\/\/axelle-regnault.fr\/index.php\/wp-json\/wp\/v2\/users\/1"}],"replies":[{"embeddable":true,"href":"https:\/\/axelle-regnault.fr\/index.php\/wp-json\/wp\/v2\/comments?post=18"}],"version-history":[{"count":32,"href":"https:\/\/axelle-regnault.fr\/index.php\/wp-json\/wp\/v2\/pages\/18\/revisions"}],"predecessor-version":[{"id":456,"href":"https:\/\/axelle-regnault.fr\/index.php\/wp-json\/wp\/v2\/pages\/18\/revisions\/456"}],"wp:attachment":[{"href":"https:\/\/axelle-regnault.fr\/index.php\/wp-json\/wp\/v2\/media?parent=18"}],"curies":[{"name":"wp","href":"https:\/\/api.w.org\/{rel}","templated":true}]}}