{"id":20,"date":"2018-12-30T19:14:44","date_gmt":"2018-12-30T18:14:44","guid":{"rendered":"http:\/\/axelle-regnault.fr\/?page_id=20"},"modified":"2025-01-03T15:57:21","modified_gmt":"2025-01-03T14:57:21","slug":"tarifsetremboursements","status":"publish","type":"page","link":"https:\/\/axelle-regnault.fr\/index.php\/tarifsetremboursements\/","title":{"rendered":"Tarifs \/ Remboursements"},"content":{"rendered":"\n<p class=\"has-text-align-left has-very-dark-gray-color has-text-color\" style=\"font-size:15px\">1ere consultation : Bilan di\u00e9t\u00e9tique d&rsquo;1h                                 <\/p>\n\n\n\n<p class=\"has-text-align-center has-text-color\" style=\"color:#375b82;font-size:15px\"> <strong>60 \u20ac<\/strong><\/p>\n\n\n\n<p class=\"has-text-align-left has-very-dark-gray-color has-text-color\" style=\"font-size:15px\">Consultations de suivis : 30 minutes                                              <\/p>\n\n\n\n<p class=\"has-text-align-center has-text-color\" style=\"color:#375b82;font-size:15px\"><strong>40 \u20ac<\/strong><\/p>\n\n\n\n<p class=\"has-text-align-left has-very-dark-gray-color has-text-color\" style=\"font-size:15px\">Tarifs couples :      <\/p>\n\n\n\n<p class=\"has-text-align-center has-text-color\" style=\"color:#375b82;font-size:15px\"><strong>Bilan di\u00e9t\u00e9tique de 1h30 : 100\u20ac \/ Suivis de 45min : 70\u20ac<\/strong><\/p>\n\n\n\n<p class=\"has-text-align-center has-text-color has-background has-small-font-size\" style=\"color:#375b82;background-color:#deeef5\">Accompagnement aux courses \/ Atelier cuisine \/ Intervention en entreprises : sur devis.<\/p>\n\n\n\n<p class=\"has-text-align-center has-text-color has-background has-small-font-size\" style=\"color:#375b82;background-color:#deeef5\">Les consultations di\u00e9t\u00e9tiques ne sont pas rembours\u00e9es par la s\u00e9curit\u00e9 sociale, mais de nombreuses mutuelles ont des forfaits de remboursements par an ou par consultation.<\/p>\n","protected":false},"excerpt":{"rendered":"<p>1ere consultation : Bilan di\u00e9t\u00e9tique d&rsquo;1h 60 \u20ac Consultations de suivis : 30 minutes 40 \u20ac Tarifs couples : Bilan di\u00e9t\u00e9tique de 1h30 : 100\u20ac \/ Suivis de 45min : 70\u20ac Accompagnement aux courses \/ Atelier cuisine \/ Intervention en entreprises : sur devis. Les consultations di\u00e9t\u00e9tiques ne sont pas rembours\u00e9es par la s\u00e9curit\u00e9 sociale, [&hellip;]<\/p>\n","protected":false},"author":1,"featured_media":0,"parent":0,"menu_order":0,"comment_status":"closed","ping_status":"closed","template":"","meta":{"_mi_skip_tracking":false,"footnotes":""},"_links":{"self":[{"href":"https:\/\/axelle-regnault.fr\/index.php\/wp-json\/wp\/v2\/pages\/20"}],"collection":[{"href":"https:\/\/axelle-regnault.fr\/index.php\/wp-json\/wp\/v2\/pages"}],"about":[{"href":"https:\/\/axelle-regnault.fr\/index.php\/wp-json\/wp\/v2\/types\/page"}],"author":[{"embeddable":true,"href":"https:\/\/axelle-regnault.fr\/index.php\/wp-json\/wp\/v2\/users\/1"}],"replies":[{"embeddable":true,"href":"https:\/\/axelle-regnault.fr\/index.php\/wp-json\/wp\/v2\/comments?post=20"}],"version-history":[{"count":34,"href":"https:\/\/axelle-regnault.fr\/index.php\/wp-json\/wp\/v2\/pages\/20\/revisions"}],"predecessor-version":[{"id":435,"href":"https:\/\/axelle-regnault.fr\/index.php\/wp-json\/wp\/v2\/pages\/20\/revisions\/435"}],"wp:attachment":[{"href":"https:\/\/axelle-regnault.fr\/index.php\/wp-json\/wp\/v2\/media?parent=20"}],"curies":[{"name":"wp","href":"https:\/\/api.w.org\/{rel}","templated":true}]}}