{"id":275,"date":"2019-02-11T15:07:39","date_gmt":"2019-02-11T14:07:39","guid":{"rendered":"http:\/\/axelle-regnault.fr\/?page_id=275"},"modified":"2019-02-11T15:59:23","modified_gmt":"2019-02-11T14:59:23","slug":"pourquoi-consulter","status":"publish","type":"page","link":"https:\/\/axelle-regnault.fr\/index.php\/pourquoi-consulter\/","title":{"rendered":"Pourquoi consulter ?"},"content":{"rendered":"\n<h4 class=\"wp-block-heading\"><strong>Les raisons de consulter une di\u00e9t\u00e9ticienne sont nombreuses :<\/strong><\/h4>\n\n\n\n<p style=\"font-size:15px;text-align:left\" class=\"has-text-color has-very-dark-gray-color\">Perte de poids<\/p>\n\n\n\n<p style=\"font-size:15px;text-align:left\" class=\"has-text-color has-very-dark-gray-color\">R\u00e9\u00e9quilibrage alimentaire \/ Education alimentaire<\/p>\n\n\n\n<p style=\"font-size:15px;text-align:left\" class=\"has-text-color has-very-dark-gray-color\">Femmes enceintes \/ Femmes allaitantes et pathologies associ\u00e9es<\/p>\n\n\n\n<p style=\"font-size:15px;text-align:left\" class=\"has-text-color has-very-dark-gray-color\">Diversification alimentaire \/ Enfants \/ Adolescents<\/p>\n\n\n\n<p style=\"font-size:15px;text-align:left\" class=\"has-text-color has-very-dark-gray-color\">D\u00e9nutrition \/ Canc\u00e9rologie<\/p>\n\n\n\n<p style=\"font-size:15px;text-align:left\" class=\"has-text-color has-very-dark-gray-color\">Diab\u00e8tes (type I et II)<\/p>\n\n\n\n<p style=\"font-size:15px;text-align:left\" class=\"has-text-color has-very-dark-gray-color\">Allergies et intol\u00e9rances alimentaires \/ Maladie coeliaque<\/p>\n\n\n\n<p style=\"font-size:15px;text-align:left\" class=\"has-text-color has-very-dark-gray-color\">Pr\u00e9paration et suivi de chirurgies bariatriques<\/p>\n\n\n\n<p style=\"font-size:15px;text-align:left\" class=\"has-text-color has-very-dark-gray-color\">Pathologies digestives <\/p>\n\n\n\n<p style=\"font-size:15px;text-align:left\" class=\"has-text-color has-very-dark-gray-color\">Maladie de Crohn \/ RCH<\/p>\n\n\n\n<p style=\"font-size:15px;text-align:left\" class=\"has-text-color has-very-dark-gray-color\">Pathologies ORL et cardiovasculaires<\/p>\n\n\n\n<p style=\"font-size:15px;text-align:left\" class=\"has-text-color has-very-dark-gray-color\">V\u00e9g\u00e9tariens \/ V\u00e9g\u00e9taliens<\/p>\n\n\n\n<p style=\"font-size:15px;text-align:left\" class=\"has-text-color has-very-dark-gray-color\">Troubles du comportement alimentaire<\/p>\n\n\n\n<p style=\"font-size:15px;text-align:left\" class=\"has-text-color has-very-dark-gray-color\">Sportifs <\/p>\n\n\n\n<p style=\"font-size:17px;text-align:left\" class=\"has-text-color has-very-dark-gray-color\">&#8230;<\/p>\n","protected":false},"excerpt":{"rendered":"<p>Les raisons de consulter une di\u00e9t\u00e9ticienne sont nombreuses : Perte de poids R\u00e9\u00e9quilibrage alimentaire \/ Education alimentaire Femmes enceintes \/ Femmes allaitantes et pathologies associ\u00e9es Diversification alimentaire \/ Enfants \/ Adolescents D\u00e9nutrition \/ Canc\u00e9rologie Diab\u00e8tes (type I et II) Allergies et intol\u00e9rances alimentaires \/ Maladie coeliaque Pr\u00e9paration et suivi de chirurgies bariatriques Pathologies digestives Maladie [&hellip;]<\/p>\n","protected":false},"author":1,"featured_media":0,"parent":0,"menu_order":0,"comment_status":"closed","ping_status":"closed","template":"","meta":{"_mi_skip_tracking":false,"footnotes":""},"_links":{"self":[{"href":"https:\/\/axelle-regnault.fr\/index.php\/wp-json\/wp\/v2\/pages\/275"}],"collection":[{"href":"https:\/\/axelle-regnault.fr\/index.php\/wp-json\/wp\/v2\/pages"}],"about":[{"href":"https:\/\/axelle-regnault.fr\/index.php\/wp-json\/wp\/v2\/types\/page"}],"author":[{"embeddable":true,"href":"https:\/\/axelle-regnault.fr\/index.php\/wp-json\/wp\/v2\/users\/1"}],"replies":[{"embeddable":true,"href":"https:\/\/axelle-regnault.fr\/index.php\/wp-json\/wp\/v2\/comments?post=275"}],"version-history":[{"count":9,"href":"https:\/\/axelle-regnault.fr\/index.php\/wp-json\/wp\/v2\/pages\/275\/revisions"}],"predecessor-version":[{"id":375,"href":"https:\/\/axelle-regnault.fr\/index.php\/wp-json\/wp\/v2\/pages\/275\/revisions\/375"}],"wp:attachment":[{"href":"https:\/\/axelle-regnault.fr\/index.php\/wp-json\/wp\/v2\/media?parent=275"}],"curies":[{"name":"wp","href":"https:\/\/api.w.org\/{rel}","templated":true}]}}