{"id":299,"date":"2019-02-11T16:24:39","date_gmt":"2019-02-11T15:24:39","guid":{"rendered":"http:\/\/axelle-regnault.fr\/?page_id=299"},"modified":"2019-02-11T16:24:39","modified_gmt":"2019-02-11T15:24:39","slug":"bilan-et-suivis","status":"publish","type":"page","link":"https:\/\/axelle-regnault.fr\/index.php\/bilan-et-suivis\/","title":{"rendered":"Bilan et suivis"},"content":{"rendered":"\n<p style=\"font-size:15px\" class=\"has-text-color has-very-dark-gray-color\">Les consultations di\u00e9t\u00e9tiques sont <strong><em>personnalis\u00e9es<\/em><\/strong> et tenues au <strong><em>secret professionnel.<\/em><\/strong><\/p>\n\n\n\n<p style=\"font-size:15px\" class=\"has-text-color has-very-dark-gray-color\">La <strong><em>1ere consultation<\/em><\/strong> a pour but de r\u00e9aliser un <strong><em>bilan di\u00e9t\u00e9tique<\/em><\/strong> afin de d\u00e9terminer vos <strong><em>habitudes<\/em><\/strong>, votre <strong><em>rythme<\/em><\/strong>, vos <strong><em>besoins<\/em><\/strong> et vos <strong><em>demandes<\/em><\/strong>.<\/p>\n\n\n\n<p style=\"font-size:15px\" class=\"has-text-color has-very-dark-gray-color\">A la suite de cette rencontre, nous fixerons ensemble des <strong><em>objectifs nutritionnels adapt\u00e9s.<\/em><\/strong><\/p>\n\n\n\n<p style=\"font-size:15px\" class=\"has-text-color has-very-dark-gray-color\">Les consultations de <strong><em>suivis<\/em><\/strong> permettent de <strong><em>r\u00e9adapter les objectifs et les conseils<\/em><\/strong>, de vous <em><strong>encourager<\/strong><\/em> et de vous <strong><em>guider<\/em><\/strong> dans votre d\u00e9marche.<\/p>\n\n\n\n<p style=\"font-size:15px\" class=\"has-text-color has-very-dark-gray-color\">A chaque consultation, une mesure par <strong><em>imp\u00e9dancem\u00e9tre<\/em><\/strong> sera effectu\u00e9e (sauf si vous \u00eates enceinte ou porteur(se) d&rsquo;un pacemaker).<\/p>\n","protected":false},"excerpt":{"rendered":"<p>Les consultations di\u00e9t\u00e9tiques sont personnalis\u00e9es et tenues au secret professionnel. La 1ere consultation a pour but de r\u00e9aliser un bilan di\u00e9t\u00e9tique afin de d\u00e9terminer vos habitudes, votre rythme, vos besoins et vos demandes. A la suite de cette rencontre, nous fixerons ensemble des objectifs nutritionnels adapt\u00e9s. Les consultations de suivis permettent de r\u00e9adapter les objectifs [&hellip;]<\/p>\n","protected":false},"author":1,"featured_media":0,"parent":0,"menu_order":0,"comment_status":"closed","ping_status":"closed","template":"","meta":{"_mi_skip_tracking":false,"footnotes":""},"_links":{"self":[{"href":"https:\/\/axelle-regnault.fr\/index.php\/wp-json\/wp\/v2\/pages\/299"}],"collection":[{"href":"https:\/\/axelle-regnault.fr\/index.php\/wp-json\/wp\/v2\/pages"}],"about":[{"href":"https:\/\/axelle-regnault.fr\/index.php\/wp-json\/wp\/v2\/types\/page"}],"author":[{"embeddable":true,"href":"https:\/\/axelle-regnault.fr\/index.php\/wp-json\/wp\/v2\/users\/1"}],"replies":[{"embeddable":true,"href":"https:\/\/axelle-regnault.fr\/index.php\/wp-json\/wp\/v2\/comments?post=299"}],"version-history":[{"count":1,"href":"https:\/\/axelle-regnault.fr\/index.php\/wp-json\/wp\/v2\/pages\/299\/revisions"}],"predecessor-version":[{"id":300,"href":"https:\/\/axelle-regnault.fr\/index.php\/wp-json\/wp\/v2\/pages\/299\/revisions\/300"}],"wp:attachment":[{"href":"https:\/\/axelle-regnault.fr\/index.php\/wp-json\/wp\/v2\/media?parent=299"}],"curies":[{"name":"wp","href":"https:\/\/api.w.org\/{rel}","templated":true}]}}