{"id":362,"date":"2019-02-19T15:53:13","date_gmt":"2019-02-19T14:53:13","guid":{"rendered":"http:\/\/axelle-regnault.fr\/?page_id=362"},"modified":"2025-01-03T16:31:19","modified_gmt":"2025-01-03T15:31:19","slug":"qui-suis-je","status":"publish","type":"page","link":"https:\/\/axelle-regnault.fr\/index.php\/qui-suis-je\/","title":{"rendered":"Qui-suis je ?"},"content":{"rendered":"<div class=\"wp-block-image\">\n<figure class=\"alignleft size-large is-resized\"><img loading=\"lazy\" decoding=\"async\" width=\"577\" height=\"1024\" src=\"https:\/\/axelle-regnault.fr\/wp-content\/uploads\/2025\/01\/IMG_0204-577x1024.jpg\" alt=\"\" class=\"wp-image-449\" style=\"width:178px;height:auto\" srcset=\"https:\/\/axelle-regnault.fr\/wp-content\/uploads\/2025\/01\/IMG_0204-577x1024.jpg 577w, https:\/\/axelle-regnault.fr\/wp-content\/uploads\/2025\/01\/IMG_0204-169x300.jpg 169w, https:\/\/axelle-regnault.fr\/wp-content\/uploads\/2025\/01\/IMG_0204-768x1363.jpg 768w, https:\/\/axelle-regnault.fr\/wp-content\/uploads\/2025\/01\/IMG_0204-865x1536.jpg 865w, https:\/\/axelle-regnault.fr\/wp-content\/uploads\/2025\/01\/IMG_0204-1154x2048.jpg 1154w, https:\/\/axelle-regnault.fr\/wp-content\/uploads\/2025\/01\/IMG_0204.jpg 1244w\" sizes=\"(max-width: 577px) 100vw, 577px\" \/><\/figure><\/div>\n\n\n<p>Di\u00e9t\u00e9ticienne Nutritionniste dipl\u00f4m\u00e9e d&rsquo;\u00e9tat et Charg\u00e9e de Projet en Nutrition.<\/p>\n\n\n\n<p class=\"has-very-dark-gray-color has-text-color\" style=\"font-size:15px\">Gr\u00e2ce \u00e0 mes formations et exp\u00e9riences professionnelles, je m&rsquo;adapte \u00e0 vos besoins et vous accompagne dans vos changements alimentaires et comportementaux. <\/p>\n\n\n\n<p class=\"has-very-dark-gray-color has-text-color\" style=\"font-size:15px\">J&rsquo;ai travaill\u00e9 avec diff\u00e9rentes populations : enfants et adolescents, personnes \u00e2g\u00e9es, femmes enceintes et allaitantes, v\u00e9g\u00e9tariens, &#8230;<\/p>\n\n\n\n<p class=\"has-very-dark-gray-color has-text-color\" style=\"font-size:15px\">Mais aussi avec diff\u00e9rents services hospitaliers comme la chirurgie digestive, la gastro-ent\u00e9rologie, la diab\u00e9tologie, l&rsquo;oncologie, &#8230;<\/p>\n\n\n\n<p class=\"has-very-dark-gray-color has-text-color\" style=\"font-size:15px\">J&rsquo;ai \u00e9galement r\u00e9alis\u00e9 des suivis patients sous nutrition artificielle par t\u00e9l\u00e9phone pendant plus de 2 ans, ce qui me permet maintenant de r\u00e9aliser tous types de consultations \u00e0 distance. <\/p>\n","protected":false},"excerpt":{"rendered":"<p>Di\u00e9t\u00e9ticienne Nutritionniste dipl\u00f4m\u00e9e d&rsquo;\u00e9tat et Charg\u00e9e de Projet en Nutrition. Gr\u00e2ce \u00e0 mes formations et exp\u00e9riences professionnelles, je m&rsquo;adapte \u00e0 vos besoins et vous accompagne dans vos changements alimentaires et comportementaux. J&rsquo;ai travaill\u00e9 avec diff\u00e9rentes populations : enfants et adolescents, personnes \u00e2g\u00e9es, femmes enceintes et allaitantes, v\u00e9g\u00e9tariens, &#8230; Mais aussi avec diff\u00e9rents services hospitaliers comme [&hellip;]<\/p>\n","protected":false},"author":1,"featured_media":0,"parent":0,"menu_order":0,"comment_status":"closed","ping_status":"closed","template":"","meta":{"_mi_skip_tracking":false,"footnotes":""},"_links":{"self":[{"href":"https:\/\/axelle-regnault.fr\/index.php\/wp-json\/wp\/v2\/pages\/362"}],"collection":[{"href":"https:\/\/axelle-regnault.fr\/index.php\/wp-json\/wp\/v2\/pages"}],"about":[{"href":"https:\/\/axelle-regnault.fr\/index.php\/wp-json\/wp\/v2\/types\/page"}],"author":[{"embeddable":true,"href":"https:\/\/axelle-regnault.fr\/index.php\/wp-json\/wp\/v2\/users\/1"}],"replies":[{"embeddable":true,"href":"https:\/\/axelle-regnault.fr\/index.php\/wp-json\/wp\/v2\/comments?post=362"}],"version-history":[{"count":9,"href":"https:\/\/axelle-regnault.fr\/index.php\/wp-json\/wp\/v2\/pages\/362\/revisions"}],"predecessor-version":[{"id":451,"href":"https:\/\/axelle-regnault.fr\/index.php\/wp-json\/wp\/v2\/pages\/362\/revisions\/451"}],"wp:attachment":[{"href":"https:\/\/axelle-regnault.fr\/index.php\/wp-json\/wp\/v2\/media?parent=362"}],"curies":[{"name":"wp","href":"https:\/\/api.w.org\/{rel}","templated":true}]}}